{"id":23673,"date":"2019-08-30T10:54:46","date_gmt":"2019-08-30T10:54:46","guid":{"rendered":"https:\/\/vanagc.goldenclub.ee\/viimsi\/tennis\/golden-club-tennis-gct\/"},"modified":"2023-07-14T08:12:36","modified_gmt":"2023-07-14T08:12:36","slug":"gct","status":"publish","type":"page","link":"https:\/\/vanagc.goldenclub.ee\/en\/viimsi\/tennis\/gct\/","title":{"rendered":"Golden Club Tennis GCT"},"content":{"rendered":"<p><strong>Golden Club Tennis GCT<\/strong> is a program for the loyal customers of FORUS Sports Centres (Tondi, N\u00f5mme and Viimsi).<\/p>\n<p>Everyone who loves tennis, wants to play it regularly and in the best conditions can join GCT.<\/p>\n<p><strong>If you want a little more than just a workout, feel free to join GCT!<\/strong><\/p>\n<p><strong>GCT package club members\u2019 annual fee is 165\u20ac.<\/strong><\/p>\n<p><strong>The package includes:<\/strong><\/p>\n<ul>\n<li>The right to book up to 2 hours of fixed time per week with the club member\u2019s (GCT) price.<\/li>\n<li>Possibility for priority booking of more than 2 hours of fixed time per week, each subsequent (more than two hours per week) hour of a fixed time for the season 75 \u20ac (until 31.08).<\/li>\n<li>The most favourable court price (GCT price) also for single visits.<\/li>\n<li>Possibility to book courts at GCT price at all our halls (FORUS Sports Centres and Audentes Tennis Hall)<\/li>\n<li>A personalized court rate offer for a one-time larger booking (e.g., a birthday or friends\u2019 tournament, etc.).<\/li>\n<li>Using badminton and squash courts (located at FORUS Sports Centre Tondi, S\u00f5jakooli 10), as single visits, with badminton and squash club member prices (GCS and GCSq).<\/li>\n<li>The right to book mini tennis courts A-E (located at FORUS Sports Centre Tondi, S\u00f5jakooli 10) with club members&#8217; (GCT) price.<\/li>\n<li>Discount on fitness club Golden Club Lifestyle and Fresh packages.<\/li>\n<li>A one-time visit to the fitness club outside Golden Club package (group exercise or gym) 12\u20ac (regular price 17\u20ac)<\/li>\n<li>Discounts from other partners of the centre: Sportland Tennis (S\u00f5jakooli 10), Sports Medicine Centre Innomedica (S\u00f5jakooli 10), Shivaya Massage Salon (S\u00f5jakooli 10), Reval Cafe (the list may increase).<\/li>\n<li>Regular club tournaments and social tennis events with club members&#8217; (GCT) prices.<\/li>\n<li>Personal pass to the centre.<\/li>\n<\/ul>\n<p>See the\u00a0general terms and conditions\u00a0of the\u00a0<a href=\"https:\/\/vanagc.goldenclub.ee\/en\/gct-kliendilepingu-uldtingimused\/\">membership agreement<\/a>.<\/p>\n<p><strong>Additional information and membership:<br \/>\nMari-Liis Treimut<br \/>\n<\/strong>Client Manager<br \/>\n<a href=\"mailto:tennis@goldenclub.ee\">tennis@goldenclub.ee<\/a><br \/>\n<a href=\"tel:+3726878293\">+372 687 82 93<\/a><br \/>\n<img decoding=\"async\" loading=\"lazy\" width=\"201\" height=\"300\" class=\"alignnone size-medium wp-image-32956\" src=\"https:\/\/vanagc.goldenclub.ee\/wp-content\/uploads\/2022\/08\/Mari-Liis-Treimut-201x300.jpg\" alt=\"\" \/><\/p>\n<p>&nbsp;<\/p>\n<p>&nbsp;<\/p>\n","protected":false},"excerpt":{"rendered":"Golden Club Tennis GCT is a program for the loyal customers of FORUS Sports Centres (Tondi, N\u00f5mme and Viimsi). Everyone who loves tennis, wants to play it regularly and in the best conditions can join GCT. If you want a little more than just a workout, feel free to join GCT! GCT package club members\u2019&#8230; <br><a class=\"btn btn-primary\" href=\"https:\/\/vanagc.goldenclub.ee\/en\/viimsi\/tennis\/gct\/\">View Article<\/a>","protected":false},"author":13,"featured_media":0,"parent":23631,"menu_order":399,"comment_status":"closed","ping_status":"closed","template":"","meta":{"footnotes":""},"acf":[],"yoast_head":"<!-- This site is optimized with the Yoast SEO plugin v21.3 - https:\/\/yoast.com\/wordpress\/plugins\/seo\/ -->\n<title>Golden Club Tennis GCT - Golden Club<\/title>\n<meta name=\"robots\" content=\"index, follow, max-snippet:-1, max-image-preview:large, max-video-preview:-1\" \/>\n<link rel=\"canonical\" href=\"https:\/\/vanagc.goldenclub.ee\/en\/viimsi\/tennis\/gct\/\" \/>\n<meta property=\"og:locale\" content=\"en_US\" \/>\n<meta property=\"og:type\" content=\"article\" \/>\n<meta property=\"og:title\" content=\"Golden Club Tennis GCT - Golden Club\" \/>\n<meta property=\"og:description\" content=\"Golden Club Tennis GCT is a program for the loyal customers of FORUS Sports Centres (Tondi, N\u00f5mme and Viimsi). Everyone who loves tennis, wants to play it regularly and in the best conditions can join GCT. If you want a little more than just a workout, feel free to join GCT! GCT package club members\u2019... View Article\" \/>\n<meta property=\"og:url\" content=\"https:\/\/vanagc.goldenclub.ee\/en\/viimsi\/tennis\/gct\/\" \/>\n<meta property=\"og:site_name\" content=\"Golden Club\" \/>\n<meta property=\"article:modified_time\" content=\"2023-07-14T08:12:36+00:00\" \/>\n<meta property=\"og:image\" content=\"https:\/\/vanagc.goldenclub.ee\/wp-content\/uploads\/2022\/08\/Mari-Liis-Treimut-201x300.jpg\" \/>\n<meta name=\"twitter:card\" content=\"summary_large_image\" \/>\n<meta name=\"twitter:label1\" content=\"Est. reading time\" \/>\n\t<meta name=\"twitter:data1\" content=\"2 minutes\" \/>\n<script type=\"application\/ld+json\" class=\"yoast-schema-graph\">{\"@context\":\"https:\/\/schema.org\",\"@graph\":[{\"@type\":\"WebPage\",\"@id\":\"https:\/\/vanagc.goldenclub.ee\/en\/viimsi\/tennis\/gct\/\",\"url\":\"https:\/\/vanagc.goldenclub.ee\/en\/viimsi\/tennis\/gct\/\",\"name\":\"Golden Club Tennis GCT - Golden Club\",\"isPartOf\":{\"@id\":\"https:\/\/vanagc.goldenclub.ee\/#website\"},\"datePublished\":\"2019-08-30T10:54:46+00:00\",\"dateModified\":\"2023-07-14T08:12:36+00:00\",\"breadcrumb\":{\"@id\":\"https:\/\/vanagc.goldenclub.ee\/en\/viimsi\/tennis\/gct\/#breadcrumb\"},\"inLanguage\":\"en-US\",\"potentialAction\":[{\"@type\":\"ReadAction\",\"target\":[\"https:\/\/vanagc.goldenclub.ee\/en\/viimsi\/tennis\/gct\/\"]}]},{\"@type\":\"BreadcrumbList\",\"@id\":\"https:\/\/vanagc.goldenclub.ee\/en\/viimsi\/tennis\/gct\/#breadcrumb\",\"itemListElement\":[{\"@type\":\"ListItem\",\"position\":1,\"name\":\"Home\",\"item\":\"https:\/\/vanagc.goldenclub.ee\/en\/\"},{\"@type\":\"ListItem\",\"position\":2,\"name\":\"Viimsi\",\"item\":\"https:\/\/vanagc.goldenclub.ee\/en\/viimsi\/\"},{\"@type\":\"ListItem\",\"position\":3,\"name\":\"Tennis\",\"item\":\"https:\/\/vanagc.goldenclub.ee\/en\/viimsi\/tennis\/\"},{\"@type\":\"ListItem\",\"position\":4,\"name\":\"Golden Club Tennis GCT\"}]},{\"@type\":\"WebSite\",\"@id\":\"https:\/\/vanagc.goldenclub.ee\/#website\",\"url\":\"https:\/\/vanagc.goldenclub.ee\/\",\"name\":\"Golden Club\",\"description\":\"\",\"potentialAction\":[{\"@type\":\"SearchAction\",\"target\":{\"@type\":\"EntryPoint\",\"urlTemplate\":\"https:\/\/vanagc.goldenclub.ee\/?s={search_term_string}\"},\"query-input\":\"required name=search_term_string\"}],\"inLanguage\":\"en-US\"}]}<\/script>\n<!-- \/ Yoast SEO plugin. -->","yoast_head_json":{"title":"Golden Club Tennis GCT - Golden Club","robots":{"index":"index","follow":"follow","max-snippet":"max-snippet:-1","max-image-preview":"max-image-preview:large","max-video-preview":"max-video-preview:-1"},"canonical":"https:\/\/vanagc.goldenclub.ee\/en\/viimsi\/tennis\/gct\/","og_locale":"en_US","og_type":"article","og_title":"Golden Club Tennis GCT - Golden Club","og_description":"Golden Club Tennis GCT is a program for the loyal customers of FORUS Sports Centres (Tondi, N\u00f5mme and Viimsi). Everyone who loves tennis, wants to play it regularly and in the best conditions can join GCT. If you want a little more than just a workout, feel free to join GCT! GCT package club members\u2019... View Article","og_url":"https:\/\/vanagc.goldenclub.ee\/en\/viimsi\/tennis\/gct\/","og_site_name":"Golden Club","article_modified_time":"2023-07-14T08:12:36+00:00","og_image":[{"url":"https:\/\/vanagc.goldenclub.ee\/wp-content\/uploads\/2022\/08\/Mari-Liis-Treimut-201x300.jpg"}],"twitter_card":"summary_large_image","twitter_misc":{"Est. reading time":"2 minutes"},"schema":{"@context":"https:\/\/schema.org","@graph":[{"@type":"WebPage","@id":"https:\/\/vanagc.goldenclub.ee\/en\/viimsi\/tennis\/gct\/","url":"https:\/\/vanagc.goldenclub.ee\/en\/viimsi\/tennis\/gct\/","name":"Golden Club Tennis GCT - Golden Club","isPartOf":{"@id":"https:\/\/vanagc.goldenclub.ee\/#website"},"datePublished":"2019-08-30T10:54:46+00:00","dateModified":"2023-07-14T08:12:36+00:00","breadcrumb":{"@id":"https:\/\/vanagc.goldenclub.ee\/en\/viimsi\/tennis\/gct\/#breadcrumb"},"inLanguage":"en-US","potentialAction":[{"@type":"ReadAction","target":["https:\/\/vanagc.goldenclub.ee\/en\/viimsi\/tennis\/gct\/"]}]},{"@type":"BreadcrumbList","@id":"https:\/\/vanagc.goldenclub.ee\/en\/viimsi\/tennis\/gct\/#breadcrumb","itemListElement":[{"@type":"ListItem","position":1,"name":"Home","item":"https:\/\/vanagc.goldenclub.ee\/en\/"},{"@type":"ListItem","position":2,"name":"Viimsi","item":"https:\/\/vanagc.goldenclub.ee\/en\/viimsi\/"},{"@type":"ListItem","position":3,"name":"Tennis","item":"https:\/\/vanagc.goldenclub.ee\/en\/viimsi\/tennis\/"},{"@type":"ListItem","position":4,"name":"Golden Club Tennis GCT"}]},{"@type":"WebSite","@id":"https:\/\/vanagc.goldenclub.ee\/#website","url":"https:\/\/vanagc.goldenclub.ee\/","name":"Golden Club","description":"","potentialAction":[{"@type":"SearchAction","target":{"@type":"EntryPoint","urlTemplate":"https:\/\/vanagc.goldenclub.ee\/?s={search_term_string}"},"query-input":"required name=search_term_string"}],"inLanguage":"en-US"}]}},"_links":{"self":[{"href":"https:\/\/vanagc.goldenclub.ee\/en\/wp-json\/wp\/v2\/pages\/23673"}],"collection":[{"href":"https:\/\/vanagc.goldenclub.ee\/en\/wp-json\/wp\/v2\/pages"}],"about":[{"href":"https:\/\/vanagc.goldenclub.ee\/en\/wp-json\/wp\/v2\/types\/page"}],"author":[{"embeddable":true,"href":"https:\/\/vanagc.goldenclub.ee\/en\/wp-json\/wp\/v2\/users\/13"}],"replies":[{"embeddable":true,"href":"https:\/\/vanagc.goldenclub.ee\/en\/wp-json\/wp\/v2\/comments?post=23673"}],"version-history":[{"count":10,"href":"https:\/\/vanagc.goldenclub.ee\/en\/wp-json\/wp\/v2\/pages\/23673\/revisions"}],"predecessor-version":[{"id":40955,"href":"https:\/\/vanagc.goldenclub.ee\/en\/wp-json\/wp\/v2\/pages\/23673\/revisions\/40955"}],"up":[{"embeddable":true,"href":"https:\/\/vanagc.goldenclub.ee\/en\/wp-json\/wp\/v2\/pages\/23631"}],"wp:attachment":[{"href":"https:\/\/vanagc.goldenclub.ee\/en\/wp-json\/wp\/v2\/media?parent=23673"}],"curies":[{"name":"wp","href":"https:\/\/api.w.org\/{rel}","templated":true}]}}